{"id":815,"date":"2019-11-28T20:40:22","date_gmt":"2019-11-28T20:40:22","guid":{"rendered":"http:\/\/aikido.krakow.pl\/?page_id=815"},"modified":"2021-03-30T16:23:27","modified_gmt":"2021-03-30T14:23:27","slug":"o-aikido","status":"publish","type":"page","link":"https:\/\/aikido.krakow.pl\/index.php\/o-aikido\/","title":{"rendered":"O Aikido"},"content":{"rendered":"<p><div class=\"fusion-fullwidth fullwidth-box fusion-builder-row-1 fusion-flex-container nonhundred-percent-fullwidth non-hundred-percent-height-scrolling\" style=\"--awb-border-radius-top-left:0px;--awb-border-radius-top-right:0px;--awb-border-radius-bottom-right:0px;--awb-border-radius-bottom-left:0px;--awb-flex-wrap:wrap;\" ><div class=\"fusion-builder-row fusion-row fusion-flex-align-items-flex-start fusion-flex-content-wrap\" style=\"max-width:1378px;margin-left: calc(-4% \/ 2 );margin-right: calc(-4% \/ 2 );\"><div class=\"fusion-layout-column fusion_builder_column fusion-builder-column-0 fusion_builder_column_1_1 1_1 fusion-flex-column\" style=\"--awb-bg-size:cover;--awb-width-large:100%;--awb-margin-top-large:0px;--awb-spacing-right-large:1.92%;--awb-margin-bottom-large:20px;--awb-spacing-left-large:1.92%;--awb-width-medium:100%;--awb-order-medium:0;--awb-spacing-right-medium:1.92%;--awb-spacing-left-medium:1.92%;--awb-width-small:100%;--awb-order-small:0;--awb-spacing-right-small:1.92%;--awb-spacing-left-small:1.92%;\"><div class=\"fusion-column-wrapper fusion-column-has-shadow fusion-flex-justify-content-flex-start fusion-content-layout-column\"><div class=\"fusion-text fusion-text-1\"><p>AIKIDO znaczy dos\u0142ownie \u201edroga do osi\u0105gni\u0119cia harmonii duchowej\u201d. Jest to japo\u0144ska sztuka walki, opracowana na pocz\u0105tku XX wieku przez Morihei Ueshibe, zwanego tak\u017ce O-Sensei \u2013 Wielkim Nauczycielem, w oparciu o Daito-ry<em>\u016b<\/em>\u00a0 Jujutsu.<\/p>\n<p>W aikido nie stawiamy czo\u0142a przeciwnikowi \u2013 d\u0105\u017cymy raczej do przej\u0119cia si\u0142y atakuj\u0105cego i wykorzystaniu jej przeciwko niemu. Aikidoka potrafi si\u0119 przeciwstawi\u0107 atakowi w spos\u00f3b bolesny i zdecydowany, lub tak, \u017ce napastnik nie doznawszy krzywdy jest unieruchomiony i bezbronny. Si\u0142a ataku zostaje bezpiecznie przekierowana z dala od naszego cia\u0142a, a nast\u0119pnie wykorzystana do wykonania rzutu lub d\u017awigni.<\/p>\n<p><img decoding=\"async\" class=\"alignleft size-full wp-image-3077\" src=\"http:\/\/aikido.krakow.pl\/wp-content\/uploads\/2021\/03\/aikido_yy.jpg\" alt=\"\" width=\"800\" height=\"533\" srcset=\"https:\/\/aikido.krakow.pl\/wp-content\/uploads\/2021\/03\/aikido_yy-200x133.jpg 200w, https:\/\/aikido.krakow.pl\/wp-content\/uploads\/2021\/03\/aikido_yy-300x200.jpg 300w, https:\/\/aikido.krakow.pl\/wp-content\/uploads\/2021\/03\/aikido_yy-400x267.jpg 400w, https:\/\/aikido.krakow.pl\/wp-content\/uploads\/2021\/03\/aikido_yy-600x400.jpg 600w, https:\/\/aikido.krakow.pl\/wp-content\/uploads\/2021\/03\/aikido_yy-768x512.jpg 768w, https:\/\/aikido.krakow.pl\/wp-content\/uploads\/2021\/03\/aikido_yy.jpg 800w\" sizes=\"(max-width: 800px) 100vw, 800px\" \/><\/p>\n<div class=\"gdl-image-frame shortcode-image-left\"><\/div>\n<p>Okr\u0119\u017cne, p\u0142ynne ruchy aikido s\u0105 eleganckie i efektywne. Mo\u017ce nauczy\u0107 si\u0119 ich ka\u017cdy, bez wzgl\u0119du na kondycj\u0119 fizyczn\u0105, wiek czy p\u0142e\u0107. Zar\u00f3wno kobiety jak i m\u0119\u017cczy\u017ani, dzieci czy ludzie w starszym wieku uwa\u017caj\u0105 aikido za ciekawy i aktywny spos\u00f3b sp\u0119dzania czasu. \u0106wicz\u0105cy ucz\u0105 si\u0119 samoobrony unikaj\u0105c jednocze\u015bnie brutalno\u015bci czy agresji.<\/p>\n<p>Aikido rozwija nie tylko fizycznie, wzmacnia tak\u017ce wiar\u0119 w siebie, poczucie bezpiecze\u0144stwa, rozwija zdolno\u015b\u0107 koncentracji. \u0106wicz\u0105c aikido zwi\u0119kszamy nie tylko \u015bwiadomo\u015b\u0107 cia\u0142a, podnosimy og\u00f3ln\u0105 sprawno\u015b\u0107 fizyczn\u0105, ale tak\u017ce przekraczamy w\u0142asne ograniczenia, pracujemy nad charakterem, panowaniem nad emocjami, szczeg\u00f3lnie negatywnymi, takimi jak: z\u0142o\u015b\u0107, agresja, strach, poczucie zagro\u017cenia. Wynikaj\u0105ce z tego r\u00f3wnowag\u0119 i spok\u00f3j mo\u017cemy przenie\u015b\u0107 z treningu na ka\u017cdy aspekt codziennego \u017cycia.<\/p>\n<\/div><div class=\"fusion-separator fusion-full-width-sep\" style=\"align-self: center;margin-left: auto;margin-right: auto;margin-top:50px;width:100%;\"><\/div><div class=\"fusion-text fusion-text-2\"><p>Aikido to nie sport czy te\u017c jaka\u015b inna forma wsp\u00f3\u0142zawodnictwa, lecz szacunek, wsp\u00f3\u0142praca i przyja\u017a\u0144 mi\u0119dzy \u0107wicz\u0105cymi. Filozofia, idea\u0142y i etyka aikido s\u0105 nierozerwalnie zwi\u0105zane z treningiem w dojo. Sztuka ta rozwija \u015bwiadomo\u015b\u0107 otaczaj\u0105cego nas \u015bwiata i ludzi i pozwala w r\u00f3\u017cnych sytuacjach na dokonywanie w\u0142a\u015bciwych wybor\u00f3w. \u0106wiczenia fizyczne rozwijaj\u0105 cia\u0142o tak, \u017ce jest ono zrelaksowane i elastyczne, a umys\u0142 czysty i spokojny.<\/p>\n<\/div><\/div><\/div><\/div><\/div><div class=\"fusion-fullwidth fullwidth-box fusion-builder-row-2 fusion-flex-container fusion-parallax-none nonhundred-percent-fullwidth non-hundred-percent-height-scrolling\" style=\"--awb-background-position:right bottom;--awb-border-radius-top-left:0px;--awb-border-radius-top-right:0px;--awb-border-radius-bottom-right:0px;--awb-border-radius-bottom-left:0px;--awb-padding-bottom:5%;--awb-background-color:#060607;--awb-background-image:linear-gradient(90deg, #ffffff 70%,rgba(6,6,7,0) 90%),url(http:\/\/aikido.krakow.pl\/wp-content\/uploads\/2021\/03\/N2Nbanner3@2x-scaled-1.jpg);;--awb-background-size:cover;--awb-flex-wrap:wrap;\" ><div class=\"fusion-builder-row fusion-row fusion-flex-align-items-flex-start fusion-flex-content-wrap\" style=\"max-width:calc( 1325px + 0px );margin-left: calc(-0px \/ 2 );margin-right: calc(-0px \/ 2 );\"><div class=\"fusion-layout-column fusion_builder_column fusion-builder-column-1 fusion_builder_column_2_3 2_3 fusion-flex-column fusion-animated\" style=\"--awb-bg-size:cover;--awb-width-large:66.666666666667%;--awb-margin-top-large:0px;--awb-spacing-right-large:0px;--awb-margin-bottom-large:20px;--awb-spacing-left-large:0px;--awb-width-medium:100%;--awb-spacing-right-medium:0px;--awb-spacing-left-medium:0px;--awb-width-small:100%;--awb-spacing-right-small:0px;--awb-spacing-left-small:0px;\" data-animationType=\"fadeInLeft\" data-animationDuration=\"1.0\" data-animationOffset=\"top-into-view\"><div class=\"fusion-column-wrapper fusion-column-has-shadow fusion-flex-justify-content-flex-start fusion-content-layout-column\"><div class=\"fusion-title title fusion-title-1 fusion-sep-none fusion-title-text fusion-title-size-two\" style=\"--awb-text-color:#ff414b;--awb-margin-bottom:25px;--awb-margin-top-small:0px;--awb-margin-right-small:0px;--awb-margin-bottom-small:20px;--awb-margin-left-small:0px;--awb-font-size:28px;\"><h2 class=\"fusion-title-heading title-heading-left fusion-responsive-typography-calculated\" style=\"margin:0;font-size:1em;--fontSize:28;--minFontSize:28;line-height:1.28;\">Poznaj z nami Aikido<\/h2><\/div><div class=\"fusion-title title fusion-title-2 fusion-sep-none fusion-title-text fusion-title-size-three\" style=\"--awb-text-color:#ffffff;--awb-margin-bottom:10px;--awb-margin-top-small:0px;--awb-margin-right-small:0px;--awb-margin-bottom-small:20px;--awb-margin-left-small:0px;--awb-font-size:58px;\"><h3 class=\"fusion-title-heading title-heading-left fusion-responsive-typography-calculated\" style=\"margin:0;font-size:1em;--fontSize:58;line-height:1.21;\"><span style=\"color: #333333;\">Zapisz si\u0119 na zaj\u0119cia.<\/span><\/h3><\/div><i class=\"fb-icon-element-1 fb-icon-element fontawesome-icon fitness-separator circle-no fusion-text-flow\" style=\"--awb-iconcolor:#000000;--awb-iconcolor-hover:#e74c3c;--awb-font-size:68px;--awb-margin-bottom:20px;\"><\/i><div class=\"fusion-text fusion-text-3\"><p style=\"color: #98939f; font-size: 23px;\" data-fusion-font=\"true\">Zapisy oraz treningi odbywaj\u0105 si\u0119 na obiektach Towarzystwa Sportowego Wis\u0142a, przy ulicy Reymonta 22 w Krakowie. Zaj\u0119cia mo\u017cna zapisa\u0107 si\u0119 przez ca\u0142y rok (w\u0142\u0105cznie z wakacjami). Wystarczy przyj\u015b\u0107 15 minut przed treningiem.<\/p>\n<\/div><\/div><\/div><\/div><\/div><\/p>\n","protected":false},"excerpt":{"rendered":"","protected":false},"author":1,"featured_media":3321,"parent":0,"menu_order":0,"comment_status":"closed","ping_status":"closed","template":"100-width.php","meta":{"footnotes":""},"class_list":["post-815","page","type-page","status-publish","has-post-thumbnail","hentry"],"_links":{"self":[{"href":"https:\/\/aikido.krakow.pl\/index.php\/wp-json\/wp\/v2\/pages\/815","targetHints":{"allow":["GET"]}}],"collection":[{"href":"https:\/\/aikido.krakow.pl\/index.php\/wp-json\/wp\/v2\/pages"}],"about":[{"href":"https:\/\/aikido.krakow.pl\/index.php\/wp-json\/wp\/v2\/types\/page"}],"author":[{"embeddable":true,"href":"https:\/\/aikido.krakow.pl\/index.php\/wp-json\/wp\/v2\/users\/1"}],"replies":[{"embeddable":true,"href":"https:\/\/aikido.krakow.pl\/index.php\/wp-json\/wp\/v2\/comments?post=815"}],"version-history":[{"count":22,"href":"https:\/\/aikido.krakow.pl\/index.php\/wp-json\/wp\/v2\/pages\/815\/revisions"}],"predecessor-version":[{"id":3327,"href":"https:\/\/aikido.krakow.pl\/index.php\/wp-json\/wp\/v2\/pages\/815\/revisions\/3327"}],"wp:featuredmedia":[{"embeddable":true,"href":"https:\/\/aikido.krakow.pl\/index.php\/wp-json\/wp\/v2\/media\/3321"}],"wp:attachment":[{"href":"https:\/\/aikido.krakow.pl\/index.php\/wp-json\/wp\/v2\/media?parent=815"}],"curies":[{"name":"wp","href":"https:\/\/api.w.org\/{rel}","templated":true}]}}