{"id":3167,"date":"2021-03-15T18:42:57","date_gmt":"2021-03-15T17:42:57","guid":{"rendered":"http:\/\/aikido.krakow.pl\/?page_id=3167"},"modified":"2025-08-07T14:04:54","modified_gmt":"2025-08-07T12:04:54","slug":"szkoly","status":"publish","type":"page","link":"https:\/\/aikido.krakow.pl\/index.php\/szkoly\/","title":{"rendered":"Szko\u0142y"},"content":{"rendered":"<p><div class=\"fusion-fullwidth fullwidth-box fusion-builder-row-1 fusion-flex-container nonhundred-percent-fullwidth non-hundred-percent-height-scrolling\" style=\"--awb-border-radius-top-left:0px;--awb-border-radius-top-right:0px;--awb-border-radius-bottom-right:0px;--awb-border-radius-bottom-left:0px;--awb-flex-wrap:wrap;\" ><div class=\"fusion-builder-row fusion-row fusion-flex-align-items-flex-start fusion-flex-content-wrap\" style=\"max-width:1378px;margin-left: calc(-4% \/ 2 );margin-right: calc(-4% \/ 2 );\"><div class=\"fusion-layout-column fusion_builder_column fusion-builder-column-0 fusion_builder_column_1_1 1_1 fusion-flex-column\" style=\"--awb-bg-size:cover;--awb-width-large:100%;--awb-margin-top-large:0px;--awb-spacing-right-large:1.92%;--awb-margin-bottom-large:20px;--awb-spacing-left-large:1.92%;--awb-width-medium:100%;--awb-order-medium:0;--awb-spacing-right-medium:1.92%;--awb-spacing-left-medium:1.92%;--awb-width-small:100%;--awb-order-small:0;--awb-spacing-right-small:1.92%;--awb-spacing-left-small:1.92%;\"><div class=\"fusion-column-wrapper fusion-column-has-shadow fusion-flex-justify-content-flex-start fusion-content-layout-column\"><div class=\"fusion-text fusion-text-1\"><h2>Szko\u0142y Aikido Sansuikai-Polska:<\/h2>\n<\/div><div class=\"fusion-separator fusion-full-width-sep\" style=\"align-self: center;margin-left: auto;margin-right: auto;margin-top:45px;width:100%;\"><\/div><div class=\"fusion-text fusion-text-2\"><h3 class=\"fusion-responsive-typography-calculated\" style=\"--fontsize: 24; line-height: 1.36; --minfontsize: 24;\" data-fontsize=\"24\" data-lineheight=\"32.64px\">Aikido Krak\u00f3w Aikikai Polska<\/h3>\n<p><strong>Instruktor:<\/strong> Dariusz Zi\u0119ba, 7 dan Aikikai, Shihan<\/p>\n<p><strong>Adres:<\/strong> ul. Reymonta 23, Krak\u00f3w<\/p>\n<p><strong>Dla kogo:<\/strong> M\u0142odzie\u017c od 15 roku \u017cycia, Doro\u015bli<\/p>\n<\/div><div class=\"fusion-separator fusion-full-width-sep\" style=\"align-self: center;margin-left: auto;margin-right: auto;margin-top:45px;width:100%;\"><\/div><div class=\"fusion-text fusion-text-3\"><h3 class=\"fusion-responsive-typography-calculated\" style=\"--fontsize: 24; line-height: 1.36; --minfontsize: 24;\" data-fontsize=\"24\" data-lineheight=\"32.64px\">Musubi Dojo w Chrzanowie<\/h3>\n<p><strong>Instruktor:<\/strong> Piotr Burnos, 6 dan Aikikai, Shidoin<\/p>\n<p><strong>Adres:<\/strong> Al. Henryka 45, Chrzan\u00f3w<\/p>\n<p><strong>Dla kogo:<\/strong> Dzieci, m\u0142odzie\u017c, doro\u015bli<\/p>\n<p><strong>WWW:<\/strong> <a title=\"www.aikido-chrzanow.pl\" href=\"http:\/\/www.aikido-chrzanow.pl\/\" target=\"_blank\" rel=\"noopener\">www.aikido-chrzanow.pl<\/a><\/p>\n<p>Szko\u0142a Musubi Dojo w Chrzanowie istnieje od 2003 roku, a jej za\u0142o\u017cycielem jest Sensei Piotr Burnos 6 Dan Shidoin. Treningi odbywaj\u0105 si\u0119 z podzia\u0142em ze wzgl\u0119du na poziom zaawansowania w grupach dla doros\u0142ych oraz dla dzieci. Na zaj\u0119cia ucz\u0119szcza regularnie oko\u0142o czterdziestu os\u00f3b w tym dwadzie\u015bcioro m\u0142odych samuraj\u00f3w.<\/p>\n<\/div><div class=\"fusion-separator fusion-full-width-sep\" style=\"align-self: center;margin-left: auto;margin-right: auto;margin-top:45px;width:100%;\"><\/div><div class=\"fusion-text fusion-text-4\"><h3 class=\"fusion-responsive-typography-calculated\" style=\"--fontsize: 24; line-height: 1.36; --minfontsize: 24;\" data-fontsize=\"24\" data-lineheight=\"32.64px\">Aikido w Sosnowcu<\/h3>\n<p><strong>Instruktor:<\/strong> Marek Garbacki, 2 dan Aikikai<\/p>\n<p><strong>Adres:<\/strong> ul. 1 Maja 23, Sosnowiec<\/p>\n<p><strong>Dla kogo:<\/strong> M\u0142odzie\u017c, doro\u015bli<\/p>\n<p><strong>WWW:<\/strong> <a title=\"www.\" href=\"http:\/\/www.\/\" target=\"_blank\" rel=\"noopener\">www.<\/a><\/p>\n<p>Szko\u0142a w Sosnowcu dzia\u0142a od roku 2003. Zaj\u0119cia prowadzi Marek Garbacki 2 dan Aikikai. Od samego pocz\u0105tku siedzib\u0105 dojo jest Klub Sportowy \u201eBudowlani\u201d w Sosnowcu.<\/p>\n<\/div><div class=\"fusion-separator fusion-full-width-sep\" style=\"align-self: center;margin-left: auto;margin-right: auto;margin-top:45px;width:100%;\"><\/div><div class=\"fusion-text fusion-text-5\"><h3>Aikido Tychy<\/h3>\n<p><strong>Instruktor:<\/strong> Mariusz Lachowski, 5 dan Aikikai, Shidoin<\/p>\n<p><strong>Adres:<\/strong> ul. Zgrzebnioka 45, Tychy<\/p>\n<p><strong>Dla kogo:<\/strong> Dzieci, doro\u015bli<\/p>\n<p><strong>WWW:<\/strong> <a title=\"www.mariuszlachowski.com\" href=\"http:\/\/http\/\/www.mariuszlachowski.com\/\" target=\"_blank\" rel=\"noopener\">www.mariuszlachowski.com<\/a><\/p>\n<\/div><div class=\"fusion-separator fusion-full-width-sep\" style=\"align-self: center;margin-left: auto;margin-right: auto;margin-top:45px;width:100%;\"><\/div><div class=\"fusion-text fusion-text-6\"><h3>Aikido Jaworzno<\/h3>\n<p><strong>Instruktor:<\/strong> Dariusz Feliksik, 4 dan Aikikai, Shidoin<\/p>\n<p><strong>Adres:<\/strong> ul. Le\u015bna 49, Jaworzno<\/p>\n<p><strong>Dla kogo:<\/strong> Dzieci, doro\u015bli<\/p>\n<p><strong>WWW:<\/strong> <a title=\"aikido-jaworzno.pl\" href=\"http:\/\/aikido-jaworzno.pl\/\" target=\"_blank\" rel=\"noopener\">aikido-jaworzno.pl<\/a><\/p>\n<\/div><div class=\"fusion-separator fusion-full-width-sep\" style=\"align-self: center;margin-left: auto;margin-right: auto;margin-top:45px;width:100%;\"><\/div><div class=\"fusion-text fusion-text-7\"><h3>Manabi Dojo w Krakowie (chwilowo nie funkcjonuje)<\/h3>\n<p><strong>Instruktor:<\/strong> Marta Sobolska, 3 dan Aikikai, Fukushidoin<\/p>\n<p><strong>Adres:<\/strong> ul. Pigonia 2, Krak\u00f3w<\/p>\n<p><strong>Dla kogo:<\/strong> Dzieci<\/p>\n<p><strong>WWW:<\/strong> <a title=\"www.aikidodladzieci.blogspot.com\" href=\"http:\/\/aikidodladzieci.blogspot.com\/\" target=\"_blank\" rel=\"noopener\">www.aikidodladzieci.blogspot.com<\/a><\/p>\n<p>W Manabi Dojo odbywaj\u0105 si\u0119 treningi dla dzieci w wieku 4 \u2013 6 lat oraz 6 \u2013 13 lat. Zaj\u0119cia s\u0105 prowadzone przez Mart\u0119 Sobolsk\u0105 3 Dan. Zaj\u0119cia Aikido dla dzieci s\u0105 po\u0142\u0105czeniem treningu, zabawy i \u0107wicze\u0144 og\u00f3lnorozwojowych.<\/p>\n<\/div><\/div><\/div><\/div><\/div><div class=\"fusion-fullwidth fullwidth-box fusion-builder-row-2 fusion-flex-container fusion-parallax-none nonhundred-percent-fullwidth non-hundred-percent-height-scrolling\" style=\"--awb-background-position:right bottom;--awb-border-radius-top-left:0px;--awb-border-radius-top-right:0px;--awb-border-radius-bottom-right:0px;--awb-border-radius-bottom-left:0px;--awb-padding-bottom:5%;--awb-background-color:#060607;--awb-background-image:linear-gradient(90deg, #ffffff 70%,rgba(6,6,7,0) 90%),url(http:\/\/aikido.krakow.pl\/wp-content\/uploads\/2021\/03\/N8Nbanner3@2x-scaled-1.jpg);;--awb-background-size:cover;--awb-flex-wrap:wrap;\" ><div class=\"fusion-builder-row fusion-row fusion-flex-align-items-flex-start fusion-flex-content-wrap\" style=\"max-width:calc( 1325px + 0px );margin-left: calc(-0px \/ 2 );margin-right: calc(-0px \/ 2 );\"><div class=\"fusion-layout-column fusion_builder_column fusion-builder-column-1 fusion_builder_column_2_3 2_3 fusion-flex-column fusion-animated\" style=\"--awb-bg-size:cover;--awb-width-large:66.666666666667%;--awb-margin-top-large:0px;--awb-spacing-right-large:0px;--awb-margin-bottom-large:20px;--awb-spacing-left-large:0px;--awb-width-medium:100%;--awb-spacing-right-medium:0px;--awb-spacing-left-medium:0px;--awb-width-small:100%;--awb-spacing-right-small:0px;--awb-spacing-left-small:0px;\" data-animationType=\"fadeInLeft\" data-animationDuration=\"1.0\" data-animationOffset=\"top-into-view\"><div class=\"fusion-column-wrapper fusion-column-has-shadow fusion-flex-justify-content-flex-start fusion-content-layout-column\"><div class=\"fusion-title title fusion-title-1 fusion-sep-none fusion-title-text fusion-title-size-two\" style=\"--awb-text-color:#ff414b;--awb-margin-bottom:25px;--awb-margin-top-small:0px;--awb-margin-right-small:0px;--awb-margin-bottom-small:20px;--awb-margin-left-small:0px;--awb-font-size:28px;\"><h2 class=\"fusion-title-heading title-heading-left fusion-responsive-typography-calculated\" style=\"margin:0;font-size:1em;--fontSize:28;--minFontSize:28;line-height:1.28;\">Poznaj z nami Aikido<\/h2><\/div><div class=\"fusion-title title fusion-title-2 fusion-sep-none fusion-title-text fusion-title-size-three\" style=\"--awb-text-color:#ffffff;--awb-margin-bottom:10px;--awb-margin-top-small:0px;--awb-margin-right-small:0px;--awb-margin-bottom-small:20px;--awb-margin-left-small:0px;--awb-font-size:58px;\"><h3 class=\"fusion-title-heading title-heading-left fusion-responsive-typography-calculated\" style=\"margin:0;font-size:1em;--fontSize:58;line-height:1.21;\"><span style=\"color: #333333;\">Zapisz si\u0119 na zaj\u0119cia.<\/span><\/h3><\/div><i class=\"fb-icon-element-1 fb-icon-element fontawesome-icon fitness-separator circle-no fusion-text-flow\" style=\"--awb-iconcolor:#000000;--awb-iconcolor-hover:#e74c3c;--awb-font-size:68px;--awb-margin-bottom:20px;\"><\/i><div class=\"fusion-text fusion-text-8\"><p style=\"color: #98939f; font-size: 23px;\" data-fusion-font=\"true\">Zapisy oraz treningi odbywaj\u0105 si\u0119 na obiektach Towarzystwa Sportowego Wis\u0142a, przy ulicy Reymonta 22 w Krakowie. Zaj\u0119cia mo\u017cna zapisa\u0107 si\u0119 przez ca\u0142y rok (w\u0142\u0105cznie z wakacjami). Wystarczy przyj\u015b\u0107 15 minut przed treningiem.<\/p>\n<\/div><\/div><\/div><\/div><\/div>\n<\/p>\n","protected":false},"excerpt":{"rendered":"","protected":false},"author":1,"featured_media":3326,"parent":0,"menu_order":0,"comment_status":"closed","ping_status":"closed","template":"100-width.php","meta":{"footnotes":""},"class_list":["post-3167","page","type-page","status-publish","has-post-thumbnail","hentry"],"_links":{"self":[{"href":"https:\/\/aikido.krakow.pl\/index.php\/wp-json\/wp\/v2\/pages\/3167","targetHints":{"allow":["GET"]}}],"collection":[{"href":"https:\/\/aikido.krakow.pl\/index.php\/wp-json\/wp\/v2\/pages"}],"about":[{"href":"https:\/\/aikido.krakow.pl\/index.php\/wp-json\/wp\/v2\/types\/page"}],"author":[{"embeddable":true,"href":"https:\/\/aikido.krakow.pl\/index.php\/wp-json\/wp\/v2\/users\/1"}],"replies":[{"embeddable":true,"href":"https:\/\/aikido.krakow.pl\/index.php\/wp-json\/wp\/v2\/comments?post=3167"}],"version-history":[{"count":14,"href":"https:\/\/aikido.krakow.pl\/index.php\/wp-json\/wp\/v2\/pages\/3167\/revisions"}],"predecessor-version":[{"id":3610,"href":"https:\/\/aikido.krakow.pl\/index.php\/wp-json\/wp\/v2\/pages\/3167\/revisions\/3610"}],"wp:featuredmedia":[{"embeddable":true,"href":"https:\/\/aikido.krakow.pl\/index.php\/wp-json\/wp\/v2\/media\/3326"}],"wp:attachment":[{"href":"https:\/\/aikido.krakow.pl\/index.php\/wp-json\/wp\/v2\/media?parent=3167"}],"curies":[{"name":"wp","href":"https:\/\/api.w.org\/{rel}","templated":true}]}}