{"id":3163,"date":"2021-03-15T18:06:23","date_gmt":"2021-03-15T17:06:23","guid":{"rendered":"http:\/\/aikido.krakow.pl\/?page_id=3163"},"modified":"2025-08-07T13:27:07","modified_gmt":"2025-08-07T11:27:07","slug":"rozklad-zajec","status":"publish","type":"page","link":"https:\/\/aikido.krakow.pl\/index.php\/rozklad-zajec\/","title":{"rendered":"Rozk\u0142ad zaj\u0119\u0107"},"content":{"rendered":"<p><div class=\"fusion-fullwidth fullwidth-box fusion-builder-row-1 fusion-flex-container nonhundred-percent-fullwidth non-hundred-percent-height-scrolling\" style=\"--awb-border-radius-top-left:0px;--awb-border-radius-top-right:0px;--awb-border-radius-bottom-right:0px;--awb-border-radius-bottom-left:0px;--awb-flex-wrap:wrap;\" ><div class=\"fusion-builder-row fusion-row fusion-flex-align-items-flex-start fusion-flex-content-wrap\" style=\"max-width:1378px;margin-left: calc(-4% \/ 2 );margin-right: calc(-4% \/ 2 );\"><div class=\"fusion-layout-column fusion_builder_column fusion-builder-column-0 fusion_builder_column_1_1 1_1 fusion-flex-column\" style=\"--awb-bg-size:cover;--awb-width-large:100%;--awb-margin-top-large:0px;--awb-spacing-right-large:1.92%;--awb-margin-bottom-large:20px;--awb-spacing-left-large:1.92%;--awb-width-medium:100%;--awb-order-medium:0;--awb-spacing-right-medium:1.92%;--awb-spacing-left-medium:1.92%;--awb-width-small:100%;--awb-order-small:0;--awb-spacing-right-small:1.92%;--awb-spacing-left-small:1.92%;\"><div class=\"fusion-column-wrapper fusion-column-has-shadow fusion-flex-justify-content-flex-start fusion-content-layout-column\"><div class=\"fusion-text fusion-text-1\"><h3 class=\"\" style=\"--fontsize: 24; line-height: 1.36; --minfontsize: 24;\" data-fontsize=\"24\" data-lineheight=\"32.64px\">Gdzie w Krakowie?<\/h3>\n<p>Treningi odbywaj\u0105 si\u0119 na obiektach Towarzystwa Sportowego &#8222;Wis\u0142a&#8221;, przy ulicy Reymonta 22 w Krakowie. Dojo znajduje si\u0119 na pierwszym pi\u0119trze \u201estarej\u201d hali.<\/p>\n<h3 class=\"\" style=\"--fontsize: 24; line-height: 1.36; --minfontsize: 24;\" data-fontsize=\"24\" data-lineheight=\"32.64px\">Gdzie poza Krakowem?<\/h3>\n<p>Poza Krakowem treningi odbywaj\u0105 si\u0119 w Chrzanowie, Jaworznie, Tychach oraz Sosnowcu.<\/p>\n<h4 class=\"\" style=\"--fontsize: 24; line-height: 1.46; --minfontsize: 24;\" data-fontsize=\"24\" data-lineheight=\"35.04px\"><strong>Rozk\u0142ad zaj\u0119\u0107 w roku 2025\/2026<\/strong><\/h4>\n<p>Treningi odbywaj\u0105 z podzia\u0142em na grupy wed\u0142ug stopnia zaawansowania. Trenowa\u0107 mog\u0105 wszyscy, nie ma podzia\u0142u ze wzgl\u0119du na p\u0142e\u0107 czy wiek po\u015br\u00f3d doros\u0142ych.<\/p>\n<p><strong>Treningi od 1.09. do 30.09.<\/strong> odbywaj\u0105 si\u0119 w poniedzia\u0142ki, \u015brody: 20.15-21.30 i czwartki: 20.15 do 21.15.<\/p>\n<p><strong>Rozk\u0142ad zaj\u0119\u0107 obowi\u0105zuj\u0105cy od 01.10.2025r.<\/strong><\/p>\n<ul>\n<li>Poniedzia\u0142ek: 20.15-21.30 <em> (wszystkie poziomy zaawansowania)<\/em><\/li>\n<li>Wtorek: 20.15-21.15 <em>(od 2 kyu)<\/em><\/li>\n<li>\u015aroda: 20.15-21.30 <em> (wszystkie poziomy zaawansowania)<\/em><\/li>\n<li>Czwartek: 20.15-21.15 <em> (wszystkie poziomy zaawansowania)<\/em><\/li>\n<li>Pi\u0105tek: 20.00-21.15 boken, jo, tanto, atemi itp. <em>(wszystkie poziomy zaawansowania). <\/em>S\u0105 to zaj\u0119cia za dodatkow\u0105 op\u0142at\u0105 90 z\u0142\/m-c lub 60z\u0142 za pojedynczy trening.<\/li>\n<\/ul>\n<p>Dzieci poni\u017cej 15 roku \u017cycia powinny zapisa\u0107 si\u0119 do <a href=\"http:\/\/aikido.krakow.pl\/index.php\/szkoly\/\">grupy dzieci\u0119cej<\/a>.<\/p>\n<p>Przy ul. Reymonta 22 nie prowadzimy grup dzieci\u0119cych.<\/p>\n<div dir=\"auto\"><\/div>\n<\/div><\/div><\/div><\/div><\/div><div class=\"fusion-fullwidth fullwidth-box fusion-builder-row-2 fusion-flex-container fusion-parallax-none nonhundred-percent-fullwidth non-hundred-percent-height-scrolling\" style=\"--awb-background-position:right bottom;--awb-border-radius-top-left:0px;--awb-border-radius-top-right:0px;--awb-border-radius-bottom-right:0px;--awb-border-radius-bottom-left:0px;--awb-padding-bottom:5%;--awb-background-color:#060607;--awb-background-image:linear-gradient(90deg, #ffffff 70%,rgba(6,6,7,0) 90%),url(http:\/\/aikido.krakow.pl\/wp-content\/uploads\/2021\/03\/N8Nbanner3@2x-scaled-1.jpg);;--awb-background-size:cover;--awb-flex-wrap:wrap;\" ><div class=\"fusion-builder-row fusion-row fusion-flex-align-items-flex-start fusion-flex-content-wrap\" style=\"max-width:calc( 1325px + 0px );margin-left: calc(-0px \/ 2 );margin-right: calc(-0px \/ 2 );\"><div class=\"fusion-layout-column fusion_builder_column fusion-builder-column-1 fusion_builder_column_2_3 2_3 fusion-flex-column fusion-animated\" style=\"--awb-bg-size:cover;--awb-width-large:66.666666666667%;--awb-margin-top-large:0px;--awb-spacing-right-large:0px;--awb-margin-bottom-large:20px;--awb-spacing-left-large:0px;--awb-width-medium:100%;--awb-spacing-right-medium:0px;--awb-spacing-left-medium:0px;--awb-width-small:100%;--awb-spacing-right-small:0px;--awb-spacing-left-small:0px;\" data-animationType=\"fadeInLeft\" data-animationDuration=\"1.0\" data-animationOffset=\"top-into-view\"><div class=\"fusion-column-wrapper fusion-column-has-shadow fusion-flex-justify-content-flex-start fusion-content-layout-column\"><div class=\"fusion-title title fusion-title-1 fusion-sep-none fusion-title-text fusion-title-size-two\" style=\"--awb-text-color:#ff414b;--awb-margin-bottom:25px;--awb-margin-top-small:0px;--awb-margin-right-small:0px;--awb-margin-bottom-small:20px;--awb-margin-left-small:0px;--awb-font-size:28px;\"><h2 class=\"fusion-title-heading title-heading-left fusion-responsive-typography-calculated\" style=\"margin:0;font-size:1em;--fontSize:28;--minFontSize:28;line-height:1.28;\">Poznaj z nami Aikido<\/h2><\/div><div class=\"fusion-title title fusion-title-2 fusion-sep-none fusion-title-text fusion-title-size-three\" style=\"--awb-text-color:#ffffff;--awb-margin-bottom:10px;--awb-margin-top-small:0px;--awb-margin-right-small:0px;--awb-margin-bottom-small:20px;--awb-margin-left-small:0px;--awb-font-size:58px;\"><h3 class=\"fusion-title-heading title-heading-left fusion-responsive-typography-calculated\" style=\"margin:0;font-size:1em;--fontSize:58;line-height:1.21;\"><span style=\"color: #333333;\">Zapisz si\u0119 na zaj\u0119cia.<\/span><\/h3><\/div><i class=\"fb-icon-element-1 fb-icon-element fontawesome-icon fitness-separator circle-no fusion-text-flow\" style=\"--awb-iconcolor:#000000;--awb-iconcolor-hover:#e74c3c;--awb-font-size:68px;--awb-margin-bottom:20px;\"><\/i><div class=\"fusion-text fusion-text-2\"><p style=\"color: #98939f; font-size: 23px;\" data-fusion-font=\"true\">Zapisy oraz treningi odbywaj\u0105 si\u0119 na obiektach Towarzystwa Sportowego Wis\u0142a, przy ulicy Reymonta 22 w Krakowie. Zaj\u0119cia mo\u017cna zapisa\u0107 si\u0119 przez ca\u0142y rok (w\u0142\u0105cznie z wakacjami). Wystarczy przyj\u015b\u0107 15 minut przed treningiem.<\/p>\n<\/div><\/div><\/div><\/div><\/div>\n<\/p>\n","protected":false},"excerpt":{"rendered":"","protected":false},"author":1,"featured_media":3325,"parent":0,"menu_order":0,"comment_status":"closed","ping_status":"closed","template":"100-width.php","meta":{"footnotes":""},"class_list":["post-3163","page","type-page","status-publish","has-post-thumbnail","hentry"],"_links":{"self":[{"href":"https:\/\/aikido.krakow.pl\/index.php\/wp-json\/wp\/v2\/pages\/3163","targetHints":{"allow":["GET"]}}],"collection":[{"href":"https:\/\/aikido.krakow.pl\/index.php\/wp-json\/wp\/v2\/pages"}],"about":[{"href":"https:\/\/aikido.krakow.pl\/index.php\/wp-json\/wp\/v2\/types\/page"}],"author":[{"embeddable":true,"href":"https:\/\/aikido.krakow.pl\/index.php\/wp-json\/wp\/v2\/users\/1"}],"replies":[{"embeddable":true,"href":"https:\/\/aikido.krakow.pl\/index.php\/wp-json\/wp\/v2\/comments?post=3163"}],"version-history":[{"count":16,"href":"https:\/\/aikido.krakow.pl\/index.php\/wp-json\/wp\/v2\/pages\/3163\/revisions"}],"predecessor-version":[{"id":3604,"href":"https:\/\/aikido.krakow.pl\/index.php\/wp-json\/wp\/v2\/pages\/3163\/revisions\/3604"}],"wp:featuredmedia":[{"embeddable":true,"href":"https:\/\/aikido.krakow.pl\/index.php\/wp-json\/wp\/v2\/media\/3325"}],"wp:attachment":[{"href":"https:\/\/aikido.krakow.pl\/index.php\/wp-json\/wp\/v2\/media?parent=3163"}],"curies":[{"name":"wp","href":"https:\/\/api.w.org\/{rel}","templated":true}]}}