{"id":3157,"date":"2021-03-15T17:41:33","date_gmt":"2021-03-15T16:41:33","guid":{"rendered":"http:\/\/aikido.krakow.pl\/?page_id=3157"},"modified":"2025-08-07T14:14:46","modified_gmt":"2025-08-07T12:14:46","slug":"zapisy","status":"publish","type":"page","link":"https:\/\/aikido.krakow.pl\/index.php\/zapisy\/","title":{"rendered":"Zapisy"},"content":{"rendered":"<p><div class=\"fusion-fullwidth fullwidth-box fusion-builder-row-1 fusion-flex-container nonhundred-percent-fullwidth non-hundred-percent-height-scrolling\" style=\"--awb-border-radius-top-left:0px;--awb-border-radius-top-right:0px;--awb-border-radius-bottom-right:0px;--awb-border-radius-bottom-left:0px;--awb-flex-wrap:wrap;\" ><div class=\"fusion-builder-row fusion-row fusion-flex-align-items-flex-start fusion-flex-content-wrap\" style=\"max-width:1378px;margin-left: calc(-4% \/ 2 );margin-right: calc(-4% \/ 2 );\"><div class=\"fusion-layout-column fusion_builder_column fusion-builder-column-0 fusion_builder_column_1_1 1_1 fusion-flex-column\" style=\"--awb-bg-size:cover;--awb-width-large:100%;--awb-margin-top-large:0px;--awb-spacing-right-large:1.92%;--awb-margin-bottom-large:20px;--awb-spacing-left-large:1.92%;--awb-width-medium:100%;--awb-order-medium:0;--awb-spacing-right-medium:1.92%;--awb-spacing-left-medium:1.92%;--awb-width-small:100%;--awb-order-small:0;--awb-spacing-right-small:1.92%;--awb-spacing-left-small:1.92%;\"><div class=\"fusion-column-wrapper fusion-column-has-shadow fusion-flex-justify-content-flex-start fusion-content-layout-column\"><div class=\"fusion-text fusion-text-1\"><h3 class=\"fusion-responsive-typography-calculated\" style=\"--fontsize: 24; line-height: 1.36; --minfontsize: 24;\" data-fontsize=\"24\" data-lineheight=\"32.64px\">Gdzie i jak si\u0119 zapisa\u0107?<\/h3>\n<p>Na zaj\u0119cia mo\u017cna zapisa\u0107 si\u0119 przez ca\u0142y rok (w\u0142acznie z wakacjami). Wystarczy przyj\u015b\u0107 15 minut przed teningiem (pok. 201), wype\u0142ni\u0107 deklaracj\u0119, ui\u015bci\u0107 op\u0142at\u0119 i mo\u017cna od tej chwili uczestniczy\u0107 w treningach. Osobami pocz\u0105tkuj\u0105cymi przez pierwszych kilka trening\u00f3w opiekuj\u0105 si\u0119 zaawansowani cz\u0142onkowie naszej szko\u0142y. Ten indywidualny tok zaj\u0119\u0107 umo\u017cliwia szybkie opanowanie niezb\u0119dnych podstaw.<\/p>\n<p>Zapisy oraz treningi odbywaj\u0105 si\u0119 na obiektach Towarzystwa Sportowego Wis\u0142a, przy ulicy Reymonta 22 w Krakowie. Parking jest bezp\u0142atny dla uczestnik\u00f3w zaj\u0119\u0107 na czas ich trwania ( 15 min przed i po treningu). Dojo znajduje si\u0119 na pierwszym pi\u0119trze \u201estarej\u201d hali, a zapisy odbywaj\u0105 si\u0119 w pokoju numer 201. Osoby pe\u0142noletnie wype\u0142niaj\u0105 formularz osobowy, niepe\u0142noletni musz\u0105 dodatkowo uzyska\u0107 zgod\u0119 opiekun\u00f3w na uczestnictwo w zaj\u0119ciach. Dodatkowe informacje mo\u017cna uzyska\u0107 pod numerem telefonu 501-27-00-90 lub za po\u015brednictwem poczty elektronicznej: <a href=\"mailto:zieba69@interia.pl\">zieba69@interia.pl<\/a>.<\/p>\n<p><span style=\"background-color: rgba(255, 255, 255, 0); color: var(--h3_typography-color); font-family: var(--h3_typography-font-family); font-size: var(--h3_typography-font-size); font-style: var(--h3_typography-font-style,normal); font-weight: var(--h3_typography-font-weight); letter-spacing: var(--h3_typography-letter-spacing);\">Op\u0142ata <\/span><\/p>\n<ul>\n<li>Miesi\u0119czny koszt trening\u00f3w to 240 z\u0142.<\/li>\n<li>Uczniowie i studenci 220 z\u0142.<\/li>\n<\/ul>\n<h4 class=\"fusion-responsive-typography-calculated\" style=\"--fontsize: 24; line-height: 1.46; --minfontsize: 24;\" data-fontsize=\"24\" data-lineheight=\"35.04px\">Promocje<\/h4>\n<ul>\n<li><strong>Zni\u017cka<\/strong> dla student\u00f3w i uczni\u00f3w (dotyczy nowych cz\u0142onk\u00f3w szko\u0142y): zapisz si\u0119 do nas na nowy semestr, a za pierwszy miesi\u0105c zap\u0142acisz 170z\u0142.<\/li>\n<li><strong>Program lojalno\u015bciowy<\/strong> dla cz\u0142onk\u00f3w szko\u0142y. Przyprowadzaj\u0105c na treningi znajomych, otrzymasz zni\u017ck\u0119: za jedn\u0105 osob\u0119 10%, za drug\u0105 15% na treningi przez dwa miesi\u0105ce.<\/li>\n<li>Pakiety rodzinne ( op\u0142aty miesi\u0119czne) :<br \/>\n2 osoby: 390 z\u0142 \u2013 oszcz\u0119dzasz: 90 z\u0142<br \/>\n3 osoby: 600 z\u0142 \u2013 oszcz\u0119dzasz: 120 z\u0142<br \/>\nPowy\u017cej trzech os\u00f3b w rodzinie, ka\u017cda kolejna osoba p\u0142aci tylko: 150 z\u0142<\/li>\n<li>Op\u0142aty d\u0142ugoterminowe :<br \/>\n9 miesi\u0119cy: 1800 z\u0142 \u2013 oszcz\u0119dzasz: 360 z\u0142<br \/>\n6 miesi\u0119cy: 1240 z\u0142 \u2013 oszcz\u0119dzasz: 200 z\u0142<\/li>\n<\/ul>\n<p>Uwaga : Promocje nie \u0142\u0105cz\u0105 si\u0119. W sytuacjach nie obj\u0119tych powy\u017cszymi op\u0142atami obowi\u0105zuj\u0105 ceny umowne. W przypadku op\u0142at d\u0142ugoterminowych, rezygnacja z zaj\u0119\u0107 lub nieuczestniczenie w nich nie upowa\u017cnia do zwrotu pieni\u0119dzy lub przesuni\u0119cia op\u0142at na inne miesi\u0105ce.<\/p>\n<h3 class=\"fusion-responsive-typography-calculated\" style=\"--fontsize: 24; line-height: 1.36; --minfontsize: 24;\" data-fontsize=\"24\" data-lineheight=\"32.64px\">Jak do nas trafi\u0107?<\/h3>\n<p>Dojo znajduje si\u0119 w centrum Krakowa. W okolice ulicy Reymonta mo\u017cna dosta\u0107 si\u0119 \u015brodkami komunikacji miejskiej i doj\u015b\u0107 z przystank\u00f3w: Cichy K\u0105cik, Czarnowiejska, AGH.<\/p>\n<\/div><div class=\"fusion-separator fusion-full-width-sep\" style=\"align-self: center;margin-left: auto;margin-right: auto;margin-top:50px;width:100%;\"><\/div><div class=\"fusion-text fusion-text-2\"><p><iframe style=\"border: 0;\" src=\"https:\/\/www.google.com\/maps\/embed?pb=!1m14!1m8!1m3!1d10244.369851223271!2d19.91037!3d50.06583!3m2!1i1024!2i768!4f13.1!3m3!1m2!1s0x0%3A0x192505485b4c76c3!2sKrak%C3%B3w%20Aikikai-Polska!5e0!3m2!1spl!2spl!4v1617180827361!5m2!1spl!2spl\" width=\"600\" height=\"450\" allowfullscreen=\"allowfullscreen\"><\/iframe><\/p>\n<\/div><\/div><\/div><\/div><\/div><div class=\"fusion-fullwidth fullwidth-box fusion-builder-row-2 fusion-flex-container fusion-parallax-none nonhundred-percent-fullwidth non-hundred-percent-height-scrolling\" style=\"--awb-background-position:right bottom;--awb-border-radius-top-left:0px;--awb-border-radius-top-right:0px;--awb-border-radius-bottom-right:0px;--awb-border-radius-bottom-left:0px;--awb-padding-bottom:5%;--awb-background-color:#060607;--awb-background-image:linear-gradient(90deg, #ffffff 70%,rgba(6,6,7,0) 90%),url(http:\/\/aikido.krakow.pl\/wp-content\/uploads\/2021\/03\/N4Nbanner3@2x-scaled-1.jpg);;--awb-background-size:cover;--awb-flex-wrap:wrap;\" ><div class=\"fusion-builder-row fusion-row fusion-flex-align-items-flex-start fusion-flex-content-wrap\" style=\"max-width:calc( 1325px + 0px );margin-left: calc(-0px \/ 2 );margin-right: calc(-0px \/ 2 );\"><div class=\"fusion-layout-column fusion_builder_column fusion-builder-column-1 fusion_builder_column_2_3 2_3 fusion-flex-column fusion-animated\" style=\"--awb-bg-size:cover;--awb-width-large:66.666666666667%;--awb-margin-top-large:0px;--awb-spacing-right-large:0px;--awb-margin-bottom-large:20px;--awb-spacing-left-large:0px;--awb-width-medium:100%;--awb-spacing-right-medium:0px;--awb-spacing-left-medium:0px;--awb-width-small:100%;--awb-spacing-right-small:0px;--awb-spacing-left-small:0px;\" data-animationType=\"fadeInLeft\" data-animationDuration=\"1.0\" data-animationOffset=\"top-into-view\"><div class=\"fusion-column-wrapper fusion-column-has-shadow fusion-flex-justify-content-flex-start fusion-content-layout-column\"><div class=\"fusion-title title fusion-title-1 fusion-sep-none fusion-title-text fusion-title-size-two\" style=\"--awb-text-color:#ff414b;--awb-margin-bottom:25px;--awb-margin-top-small:0px;--awb-margin-right-small:0px;--awb-margin-bottom-small:20px;--awb-margin-left-small:0px;--awb-font-size:28px;\"><h2 class=\"fusion-title-heading title-heading-left fusion-responsive-typography-calculated\" style=\"margin:0;font-size:1em;--fontSize:28;--minFontSize:28;line-height:1.28;\">Poznaj z nami Aikido<\/h2><\/div><div class=\"fusion-title title fusion-title-2 fusion-sep-none fusion-title-text fusion-title-size-three\" style=\"--awb-text-color:#ffffff;--awb-margin-bottom:10px;--awb-margin-top-small:0px;--awb-margin-right-small:0px;--awb-margin-bottom-small:20px;--awb-margin-left-small:0px;--awb-font-size:58px;\"><h3 class=\"fusion-title-heading title-heading-left fusion-responsive-typography-calculated\" style=\"margin:0;font-size:1em;--fontSize:58;line-height:1.21;\"><span style=\"color: #333333;\">Zapisz si\u0119 na zaj\u0119cia.<\/span><\/h3><\/div><i class=\"fb-icon-element-1 fb-icon-element fontawesome-icon fitness-separator circle-no fusion-text-flow\" style=\"--awb-iconcolor:#000000;--awb-iconcolor-hover:#e74c3c;--awb-font-size:68px;--awb-margin-bottom:20px;\"><\/i><div class=\"fusion-text fusion-text-3\"><p style=\"color: #98939f; font-size: 23px;\" data-fusion-font=\"true\">Zapisy oraz treningi odbywaj\u0105 si\u0119 na obiektach Towarzystwa Sportowego Wis\u0142a, przy ulicy Reymonta 22 w Krakowie. Zaj\u0119cia mo\u017cna zapisa\u0107 si\u0119 przez ca\u0142y rok (w\u0142\u0105cznie z wakacjami). Wystarczy przyj\u015b\u0107 15 minut przed treningiem.<\/p>\n<\/div><\/div><\/div><\/div><\/div><\/p>\n","protected":false},"excerpt":{"rendered":"","protected":false},"author":1,"featured_media":3324,"parent":0,"menu_order":0,"comment_status":"closed","ping_status":"closed","template":"100-width.php","meta":{"footnotes":""},"class_list":["post-3157","page","type-page","status-publish","has-post-thumbnail","hentry"],"_links":{"self":[{"href":"https:\/\/aikido.krakow.pl\/index.php\/wp-json\/wp\/v2\/pages\/3157","targetHints":{"allow":["GET"]}}],"collection":[{"href":"https:\/\/aikido.krakow.pl\/index.php\/wp-json\/wp\/v2\/pages"}],"about":[{"href":"https:\/\/aikido.krakow.pl\/index.php\/wp-json\/wp\/v2\/types\/page"}],"author":[{"embeddable":true,"href":"https:\/\/aikido.krakow.pl\/index.php\/wp-json\/wp\/v2\/users\/1"}],"replies":[{"embeddable":true,"href":"https:\/\/aikido.krakow.pl\/index.php\/wp-json\/wp\/v2\/comments?post=3157"}],"version-history":[{"count":21,"href":"https:\/\/aikido.krakow.pl\/index.php\/wp-json\/wp\/v2\/pages\/3157\/revisions"}],"predecessor-version":[{"id":3612,"href":"https:\/\/aikido.krakow.pl\/index.php\/wp-json\/wp\/v2\/pages\/3157\/revisions\/3612"}],"wp:featuredmedia":[{"embeddable":true,"href":"https:\/\/aikido.krakow.pl\/index.php\/wp-json\/wp\/v2\/media\/3324"}],"wp:attachment":[{"href":"https:\/\/aikido.krakow.pl\/index.php\/wp-json\/wp\/v2\/media?parent=3157"}],"curies":[{"name":"wp","href":"https:\/\/api.w.org\/{rel}","templated":true}]}}