{"id":3118,"date":"2021-03-15T16:09:18","date_gmt":"2021-03-15T15:09:18","guid":{"rendered":"http:\/\/aikido.krakow.pl\/?page_id=3118"},"modified":"2021-03-30T16:27:12","modified_gmt":"2021-03-30T14:27:12","slug":"o-szkole","status":"publish","type":"page","link":"https:\/\/aikido.krakow.pl\/index.php\/o-szkole\/","title":{"rendered":"O Szkole"},"content":{"rendered":"<p><div class=\"fusion-fullwidth fullwidth-box fusion-builder-row-1 fusion-flex-container nonhundred-percent-fullwidth non-hundred-percent-height-scrolling\" style=\"--awb-border-radius-top-left:0px;--awb-border-radius-top-right:0px;--awb-border-radius-bottom-right:0px;--awb-border-radius-bottom-left:0px;--awb-flex-wrap:wrap;\" ><div class=\"fusion-builder-row fusion-row fusion-flex-align-items-flex-start fusion-flex-content-wrap\" style=\"max-width:1378px;margin-left: calc(-4% \/ 2 );margin-right: calc(-4% \/ 2 );\"><div class=\"fusion-layout-column fusion_builder_column fusion-builder-column-0 fusion_builder_column_1_1 1_1 fusion-flex-column\" style=\"--awb-bg-size:cover;--awb-width-large:100%;--awb-margin-top-large:0px;--awb-spacing-right-large:1.92%;--awb-margin-bottom-large:20px;--awb-spacing-left-large:1.92%;--awb-width-medium:100%;--awb-order-medium:0;--awb-spacing-right-medium:1.92%;--awb-spacing-left-medium:1.92%;--awb-width-small:100%;--awb-order-small:0;--awb-spacing-right-small:1.92%;--awb-spacing-left-small:1.92%;\"><div class=\"fusion-column-wrapper fusion-column-has-shadow fusion-flex-justify-content-flex-start fusion-content-layout-column\"><div class=\"fusion-text fusion-text-1\"><p>Pocz\u0105tki szko\u0142y Krak\u00f3w Aikikai \u2013 Polska si\u0119gaj\u0105 roku 1995 kiedy to po czteroletnim pobycie w Stanach Zjednoczonych, Sensei Dariusz Zi\u0119ba wr\u00f3ci\u0142 do Polski. W USA studiowa\u0142 on Aikido mi\u0119dzy innymi u Sensei Yoshimitsu Yamady 8 Dan Shihan oraz Sensei Richard Stickles 7 Dan Shihan.<\/p>\n<div align=\"left\"><a href=\"http:\/\/aikido.krakow.pl\/wp-content\/uploads\/2021\/03\/dojo_USA95_01-125x95-1.jpg\"><img decoding=\"async\" class=\"alignleft size-full wp-image-3119\" src=\"http:\/\/aikido.krakow.pl\/wp-content\/uploads\/2021\/03\/dojo_USA95_01-125x95-1.jpg\" alt=\"\" width=\"125\" height=\"95\" \/><\/a><a href=\"http:\/\/aikido.krakow.pl\/wp-content\/uploads\/2021\/03\/dojo_USA95_02-125x95-1.jpg\"><img decoding=\"async\" class=\"alignleft size-full wp-image-3120\" src=\"http:\/\/aikido.krakow.pl\/wp-content\/uploads\/2021\/03\/dojo_USA95_02-125x95-1.jpg\" alt=\"\" width=\"125\" height=\"95\" \/><\/a><\/div>\n<p><span style=\"color: #808080;\"><em>Rok 1995 \u2013 Nowy Jork<\/em><\/span><\/p>\n<\/div><div class=\"fusion-separator fusion-full-width-sep\" style=\"align-self: center;margin-left: auto;margin-right: auto;margin-top:35px;width:100%;\"><\/div><div class=\"fusion-text fusion-text-2\"><p>Po powrocie do kraju Sensei Zi\u0119ba rozpocz\u0105\u0142 aktywn\u0105 dzia\u0142alno\u015b\u0107 w Polskiej Federacji Ju-Jutsu \u2013 by\u0142 sekretarzem generalnym PFJJ oraz wiceprezesem Polskiego Stowarzyszenia Ju-Jutsu. Pe\u0142ni\u0105c wy\u017cej wymienione stanowiska, w sierpniu 1995 roku rozpocz\u0105\u0142 dzia\u0142alno\u015b\u0107 szko\u0142y Aikido pod patronatem PFJJ.<\/p>\n<p>Od samego pocz\u0105tku szko\u0142a liczy\u0142a oko\u0142o 100 os\u00f3b. Treningi odbywa\u0142y si\u0119 codziennie \u2013 tak\u017ce w soboty i niedziele. W tym okresie szko\u0142a nie posiada\u0142a jeszcze w\u0142asnego dojo, wi\u0119c zaj\u0119cia odbywa\u0142y si\u0119 w kilku miejscach Krakowa \u2013 mi\u0119dzy innymi w II LO przy ulicy Sobieskiego, w Szkole Podstawowej nr 101 w Nowej Hucie oraz w szkole podstawowej na Bia\u0142ym Pr\u0105dniku. Po roku dzia\u0142alno\u015bci, w sierpniu 1996 roku Sensei Zi\u0119ba zrezygnowa\u0142 z pe\u0142nienia wszelkich funkcji w PFJJ, a we wrze\u015bniu pod patronatem <a href=\"http:\/\/www.usaikifed.com\/\" target=\"_blank\" rel=\"noopener\">USAF<\/a> (<a href=\"http:\/\/www.usaikifed.com\/\" target=\"_blank\" rel=\"noopener\">United States Aikido Federation<\/a> \u2013 Ameryka\u0144skiej Federacji Aikido) oraz dzi\u0119ki przychylno\u015bci jej prezesa, Yoshimitsu Yamady, za\u0142o\u017cy\u0142 w\u0142asn\u0105 szko\u0142\u0119 Aikido. Od tego momentu oficjalnie funkcjonuje ona jako Krak\u00f3w Aikikai-Polska.<\/p>\n<p><a href=\"http:\/\/aikido.krakow.pl\/wp-content\/uploads\/2021\/03\/dojo_LOII95_01-125x95-1.jpg\"><img decoding=\"async\" class=\"alignleft size-full wp-image-3125\" src=\"http:\/\/aikido.krakow.pl\/wp-content\/uploads\/2021\/03\/dojo_LOII95_01-125x95-1.jpg\" alt=\"\" width=\"125\" height=\"95\" \/><\/a><a href=\"http:\/\/aikido.krakow.pl\/wp-content\/uploads\/2021\/03\/dojo_LOII95_02-125x95-1.jpg\"><img decoding=\"async\" class=\"alignleft size-full wp-image-3126\" src=\"http:\/\/aikido.krakow.pl\/wp-content\/uploads\/2021\/03\/dojo_LOII95_02-125x95-1.jpg\" alt=\"\" width=\"125\" height=\"95\" \/><\/a><a href=\"http:\/\/aikido.krakow.pl\/wp-content\/uploads\/2021\/03\/dojo_Oboz96_01-125x95-1.jpg\"><img decoding=\"async\" class=\"alignleft size-full wp-image-3127\" src=\"http:\/\/aikido.krakow.pl\/wp-content\/uploads\/2021\/03\/dojo_Oboz96_01-125x95-1.jpg\" alt=\"\" width=\"125\" height=\"95\" \/><\/a><a href=\"http:\/\/aikido.krakow.pl\/wp-content\/uploads\/2021\/03\/dojo_Oboz96_02-125x95-1.jpg\"><img decoding=\"async\" class=\"alignleft size-full wp-image-3128\" src=\"http:\/\/aikido.krakow.pl\/wp-content\/uploads\/2021\/03\/dojo_Oboz96_02-125x95-1.jpg\" alt=\"\" width=\"125\" height=\"95\" \/><\/a><\/p>\n<\/div><div class=\"fusion-separator fusion-full-width-sep\" style=\"align-self: center;margin-left: auto;margin-right: auto;margin-top:35px;width:100%;\"><\/div><div class=\"fusion-text fusion-text-3\"><p>Dzia\u0142alno\u015b\u0107 szko\u0142y wp\u0142yn\u0119\u0142a na znaczny wzrost zainteresowania Aikido w Krakowie. Dojo zacz\u0119\u0142o bardzo szybko si\u0119 rozwija\u0107. Niewielka sala w klubie sportowym T.S. Wis\u0142a p\u0119ka\u0142a w szwach na treningach grupy pocz\u0105tkuj\u0105cej, a starsi uczniowie zdawali kolejne egzaminy na stopnie kyu. Ten sukces Aikido w Krakowie zosta\u0142 dostrze\u017cony przez Sensei Richarda Sticklesa (7 Dan Aikikai, Shihan), kt\u00f3ry odwiedzi\u0142 Krak\u00f3w w 1997 i 1998 roku, prowadz\u0105c seminaria szkoleniowe. By\u0142o to dla szko\u0142y wielkie wydarzenie \u2013 Sensei Stickles jest do\u015bwiadczonym nauczycielem, kt\u00f3ry od ponad 30 lat prowadzi w\u0142asn\u0105 szko\u0142\u0119 <a href=\"http:\/\/www.aikidoschoolsnj.com\/\" target=\"_blank\" rel=\"noopener\">Aikido Schools of New Jersey<\/a> oraz go\u015bcinnie zaj\u0119cia w <a href=\"http:\/\/nyaikikai.com\/\" target=\"_blank\" rel=\"noopener\">New York Aikikai<\/a>.<\/p>\n<p><a href=\"http:\/\/aikido.krakow.pl\/wp-content\/uploads\/2021\/03\/dojo_RS97_02-125x95-1.jpg\"><img decoding=\"async\" class=\"alignleft size-full wp-image-3129\" src=\"http:\/\/aikido.krakow.pl\/wp-content\/uploads\/2021\/03\/dojo_RS97_02-125x95-1.jpg\" alt=\"\" width=\"125\" height=\"95\" \/><\/a><a href=\"http:\/\/aikido.krakow.pl\/wp-content\/uploads\/2021\/03\/dojo_RS97_04-125x95-1.jpg\"><img decoding=\"async\" class=\"alignleft size-full wp-image-3130\" src=\"http:\/\/aikido.krakow.pl\/wp-content\/uploads\/2021\/03\/dojo_RS97_04-125x95-1.jpg\" alt=\"\" width=\"125\" height=\"95\" \/><\/a><a href=\"http:\/\/aikido.krakow.pl\/wp-content\/uploads\/2021\/03\/dojo_RS97_05-125x95-1.jpg\"><img decoding=\"async\" class=\"alignleft size-full wp-image-3131\" src=\"http:\/\/aikido.krakow.pl\/wp-content\/uploads\/2021\/03\/dojo_RS97_05-125x95-1.jpg\" alt=\"\" width=\"125\" height=\"95\" \/><\/a><a href=\"http:\/\/aikido.krakow.pl\/wp-content\/uploads\/2021\/03\/dojo_RS97_20-125x95-1.jpg\"><img decoding=\"async\" class=\"alignleft size-full wp-image-3132\" src=\"http:\/\/aikido.krakow.pl\/wp-content\/uploads\/2021\/03\/dojo_RS97_20-125x95-1.jpg\" alt=\"\" width=\"125\" height=\"95\" \/><\/a><\/p>\n<div class=\"gallery-thumbnail-image alignleft\"><\/div>\n<\/div><div class=\"fusion-separator fusion-full-width-sep\" style=\"align-self: center;margin-left: auto;margin-right: auto;margin-top:35px;width:100%;\"><\/div><div class=\"fusion-text fusion-text-4\"><p>Na fali du\u017cego zainteresowania ze strony \u0107wicz\u0105cych Sensei Zi\u0119ba w roku 1997 zorganizowa\u0142 pierwszy dwutygodniowy ob\u00f3z Aikido w Boche\u0144cu. Treningi z broni\u0105 w plenerze, zaj\u0119cia Aikido na szyszkach oraz \u015bcie\u017cka zdrowia \u201edo jeziorka\u201d na sta\u0142e wpisa\u0142y si\u0119 w program obozu, kt\u00f3ry od tamtego czasu nieprzerwanie odbywa si\u0119 na prze\u0142omie lipca i sierpnia ka\u017cdego roku.<\/p>\n<p><a href=\"http:\/\/aikido.krakow.pl\/wp-content\/uploads\/2021\/03\/Bocheniec97_02-125x95-1.jpg\"><img decoding=\"async\" class=\"alignleft size-full wp-image-3137\" src=\"http:\/\/aikido.krakow.pl\/wp-content\/uploads\/2021\/03\/Bocheniec97_02-125x95-1.jpg\" alt=\"\" width=\"125\" height=\"95\" \/><\/a><a href=\"http:\/\/aikido.krakow.pl\/wp-content\/uploads\/2021\/03\/Bocheniec97_03-125x95-1.jpg\"><img decoding=\"async\" class=\"alignleft size-full wp-image-3138\" src=\"http:\/\/aikido.krakow.pl\/wp-content\/uploads\/2021\/03\/Bocheniec97_03-125x95-1.jpg\" alt=\"\" width=\"125\" height=\"95\" \/><\/a><a href=\"http:\/\/aikido.krakow.pl\/wp-content\/uploads\/2021\/03\/Bocheniec97_06.jpg\"><img decoding=\"async\" class=\"alignleft size-thumbnail wp-image-3139\" src=\"http:\/\/aikido.krakow.pl\/wp-content\/uploads\/2021\/03\/Bocheniec97_06-150x150.jpg\" alt=\"\" width=\"150\" height=\"150\" srcset=\"https:\/\/aikido.krakow.pl\/wp-content\/uploads\/2021\/03\/Bocheniec97_06-66x66.jpg 66w, https:\/\/aikido.krakow.pl\/wp-content\/uploads\/2021\/03\/Bocheniec97_06-150x150.jpg 150w, https:\/\/aikido.krakow.pl\/wp-content\/uploads\/2021\/03\/Bocheniec97_06.jpg 940w\" sizes=\"(max-width: 150px) 100vw, 150px\" \/><\/a><a href=\"http:\/\/aikido.krakow.pl\/wp-content\/uploads\/2021\/03\/Bocheniec97_01.jpg\"><img decoding=\"async\" class=\"alignleft size-thumbnail wp-image-3140\" src=\"http:\/\/aikido.krakow.pl\/wp-content\/uploads\/2021\/03\/Bocheniec97_01-150x150.jpg\" alt=\"\" width=\"150\" height=\"150\" srcset=\"https:\/\/aikido.krakow.pl\/wp-content\/uploads\/2021\/03\/Bocheniec97_01-66x66.jpg 66w, https:\/\/aikido.krakow.pl\/wp-content\/uploads\/2021\/03\/Bocheniec97_01-150x150.jpg 150w, https:\/\/aikido.krakow.pl\/wp-content\/uploads\/2021\/03\/Bocheniec97_01.jpg 940w\" sizes=\"(max-width: 150px) 100vw, 150px\" \/><\/a><\/p>\n<div class=\"gallery-thumbnail-image alignleft\"><\/div>\n<\/div><div class=\"fusion-separator fusion-full-width-sep\" style=\"align-self: center;margin-left: auto;margin-right: auto;margin-top:35px;width:100%;\"><\/div><div class=\"fusion-text fusion-text-5\"><p>Wyznaj\u0105c zasad\u0119, \u017ce \u201enajczystsza woda jest przy \u017ar\u00f3dle\u201d uczniowie naszego dojo brali r\u00f3wnie\u017c udzia\u0142 w seminariach i obozach prowadzonych przez bezpo\u015brednich uczni\u00f3w O-Sensei. Jeden z pierwszych wyjazd\u00f3w na niemal dwutygodniowy sta\u017c Aikido mia\u0142 miejsce w roku 1998 do Belgii, gdzie treningi prowadzili Sensei Seichi Sugano oraz Sensei Hayato Osawa.<\/p>\n<p><a href=\"http:\/\/aikido.krakow.pl\/wp-content\/uploads\/2021\/03\/dojo_Belgia_01.jpg\"><img decoding=\"async\" class=\"alignleft size-thumbnail wp-image-3143\" src=\"http:\/\/aikido.krakow.pl\/wp-content\/uploads\/2021\/03\/dojo_Belgia_01-150x150.jpg\" alt=\"\" width=\"150\" height=\"150\" srcset=\"https:\/\/aikido.krakow.pl\/wp-content\/uploads\/2021\/03\/dojo_Belgia_01-66x66.jpg 66w, https:\/\/aikido.krakow.pl\/wp-content\/uploads\/2021\/03\/dojo_Belgia_01-150x150.jpg 150w, https:\/\/aikido.krakow.pl\/wp-content\/uploads\/2021\/03\/dojo_Belgia_01.jpg 940w\" sizes=\"(max-width: 150px) 100vw, 150px\" \/><\/a><a href=\"http:\/\/aikido.krakow.pl\/wp-content\/uploads\/2021\/03\/dojo_Belgia_02.jpg\"><img decoding=\"async\" class=\"alignleft size-thumbnail wp-image-3144\" src=\"http:\/\/aikido.krakow.pl\/wp-content\/uploads\/2021\/03\/dojo_Belgia_02-150x150.jpg\" alt=\"\" width=\"150\" height=\"150\" srcset=\"https:\/\/aikido.krakow.pl\/wp-content\/uploads\/2021\/03\/dojo_Belgia_02-66x66.jpg 66w, https:\/\/aikido.krakow.pl\/wp-content\/uploads\/2021\/03\/dojo_Belgia_02-150x150.jpg 150w, https:\/\/aikido.krakow.pl\/wp-content\/uploads\/2021\/03\/dojo_Belgia_02.jpg 940w\" sizes=\"(max-width: 150px) 100vw, 150px\" \/><\/a><a href=\"http:\/\/aikido.krakow.pl\/wp-content\/uploads\/2021\/03\/dojo_Belgia_03.jpg\"><img decoding=\"async\" class=\"alignleft size-thumbnail wp-image-3145\" src=\"http:\/\/aikido.krakow.pl\/wp-content\/uploads\/2021\/03\/dojo_Belgia_03-150x150.jpg\" alt=\"\" width=\"150\" height=\"150\" srcset=\"https:\/\/aikido.krakow.pl\/wp-content\/uploads\/2021\/03\/dojo_Belgia_03-66x66.jpg 66w, https:\/\/aikido.krakow.pl\/wp-content\/uploads\/2021\/03\/dojo_Belgia_03-150x150.jpg 150w, https:\/\/aikido.krakow.pl\/wp-content\/uploads\/2021\/03\/dojo_Belgia_03.jpg 940w\" sizes=\"(max-width: 150px) 100vw, 150px\" \/><\/a><a href=\"http:\/\/aikido.krakow.pl\/wp-content\/uploads\/2021\/03\/dojo_Belgia_04.jpg\"><img decoding=\"async\" class=\"alignleft size-thumbnail wp-image-3146\" src=\"http:\/\/aikido.krakow.pl\/wp-content\/uploads\/2021\/03\/dojo_Belgia_04-150x150.jpg\" alt=\"\" width=\"150\" height=\"150\" srcset=\"https:\/\/aikido.krakow.pl\/wp-content\/uploads\/2021\/03\/dojo_Belgia_04-66x66.jpg 66w, https:\/\/aikido.krakow.pl\/wp-content\/uploads\/2021\/03\/dojo_Belgia_04-150x150.jpg 150w, https:\/\/aikido.krakow.pl\/wp-content\/uploads\/2021\/03\/dojo_Belgia_04.jpg 479w\" sizes=\"(max-width: 150px) 100vw, 150px\" \/><\/a><\/p>\n<div class=\"gallery-thumbnail-image alignleft\"><\/div>\n<\/div><div class=\"fusion-separator fusion-full-width-sep\" style=\"align-self: center;margin-left: auto;margin-right: auto;margin-top:35px;width:100%;\"><\/div><div class=\"fusion-text fusion-text-6\"><p>Kierunkiem kolejnych podr\u00f3\u017cy by\u0142a szko\u0142a <a href=\"http:\/\/www.aikido-rosenheim.de\/\" target=\"_blank\" rel=\"noopener\">Shusoku Aikido-Schule<\/a> w Bawarii prowadzona przez Sensei Jochena Maiera (6 dan Aikikai), kt\u00f3ry w latach 1997 \u2013 2000 organizowa\u0142 trzydniowe seminaria z Sensei Yamad\u0105. Te spotkania aikidok\u00f3w z ca\u0142ej Europy w roku 1998 przerodzi\u0142y si\u0119 tygodniowy mi\u0119dzynarodowy ob\u00f3z w Bernau. Uczestnictwo naszej szko\u0142y w tym obozie jest ju\u017c tradycj\u0105 i co roku Bernau odwiedza kilkadziesi\u0105t os\u00f3b z Krakowa, Chrzanowa i Sosnowca. Podczas obozu opr\u00f3cz Sensei Yamady zaj\u0119cia prowadz\u0105 tak\u017ce europejscy nauczyciele miedzy innymi Dariusz Zi\u0119ba i Piotr Burnos.<\/p>\n<h4>Ci\u0105g dalszy nast\u0105pi\u2026 &#x1f609;<\/h4>\n<\/div><\/div><\/div><\/div><\/div><div class=\"fusion-fullwidth fullwidth-box fusion-builder-row-2 fusion-flex-container fusion-parallax-none nonhundred-percent-fullwidth non-hundred-percent-height-scrolling\" style=\"--awb-background-position:right bottom;--awb-border-radius-top-left:0px;--awb-border-radius-top-right:0px;--awb-border-radius-bottom-right:0px;--awb-border-radius-bottom-left:0px;--awb-padding-bottom:5%;--awb-background-color:#060607;--awb-background-image:linear-gradient(90deg, #ffffff 70%,rgba(6,6,7,0) 90%),url(http:\/\/aikido.krakow.pl\/wp-content\/uploads\/2021\/03\/N6Nbanner3@2x-scaled-1.jpg);;--awb-background-size:cover;--awb-flex-wrap:wrap;\" ><div class=\"fusion-builder-row fusion-row fusion-flex-align-items-flex-start fusion-flex-content-wrap\" style=\"max-width:calc( 1325px + 0px );margin-left: calc(-0px \/ 2 );margin-right: calc(-0px \/ 2 );\"><div class=\"fusion-layout-column fusion_builder_column fusion-builder-column-1 fusion_builder_column_2_3 2_3 fusion-flex-column fusion-animated\" style=\"--awb-bg-size:cover;--awb-width-large:66.666666666667%;--awb-margin-top-large:0px;--awb-spacing-right-large:0px;--awb-margin-bottom-large:20px;--awb-spacing-left-large:0px;--awb-width-medium:100%;--awb-spacing-right-medium:0px;--awb-spacing-left-medium:0px;--awb-width-small:100%;--awb-spacing-right-small:0px;--awb-spacing-left-small:0px;\" data-animationType=\"fadeInLeft\" data-animationDuration=\"1.0\" data-animationOffset=\"top-into-view\"><div class=\"fusion-column-wrapper fusion-column-has-shadow fusion-flex-justify-content-flex-start fusion-content-layout-column\"><div class=\"fusion-title title fusion-title-1 fusion-sep-none fusion-title-text fusion-title-size-two\" style=\"--awb-text-color:#ff414b;--awb-margin-bottom:25px;--awb-margin-top-small:0px;--awb-margin-right-small:0px;--awb-margin-bottom-small:20px;--awb-margin-left-small:0px;--awb-font-size:28px;\"><h2 class=\"fusion-title-heading title-heading-left fusion-responsive-typography-calculated\" style=\"margin:0;font-size:1em;--fontSize:28;--minFontSize:28;line-height:1.28;\">Poznaj z nami Aikido<\/h2><\/div><div class=\"fusion-title title fusion-title-2 fusion-sep-none fusion-title-text fusion-title-size-three\" style=\"--awb-text-color:#ffffff;--awb-margin-bottom:10px;--awb-margin-top-small:0px;--awb-margin-right-small:0px;--awb-margin-bottom-small:20px;--awb-margin-left-small:0px;--awb-font-size:58px;\"><h3 class=\"fusion-title-heading title-heading-left fusion-responsive-typography-calculated\" style=\"margin:0;font-size:1em;--fontSize:58;line-height:1.21;\"><span style=\"color: #333333;\">Zapisz si\u0119 na zaj\u0119cia.<\/span><\/h3><\/div><i class=\"fb-icon-element-1 fb-icon-element fontawesome-icon fitness-separator circle-no fusion-text-flow\" style=\"--awb-iconcolor:#000000;--awb-iconcolor-hover:#e74c3c;--awb-font-size:68px;--awb-margin-bottom:20px;\"><\/i><div class=\"fusion-text fusion-text-7\"><p style=\"color: #98939f; font-size: 23px;\" data-fusion-font=\"true\">Zapisy oraz treningi odbywaj\u0105 si\u0119 na obiektach Towarzystwa Sportowego Wis\u0142a, przy ulicy Reymonta 22 w Krakowie. Zaj\u0119cia mo\u017cna zapisa\u0107 si\u0119 przez ca\u0142y rok (w\u0142\u0105cznie z wakacjami). Wystarczy przyj\u015b\u0107 15 minut przed treningiem.<\/p>\n<\/div><\/div><\/div><\/div><\/div><\/p>\n","protected":false},"excerpt":{"rendered":"","protected":false},"author":1,"featured_media":3322,"parent":0,"menu_order":0,"comment_status":"closed","ping_status":"closed","template":"100-width.php","meta":{"footnotes":""},"class_list":["post-3118","page","type-page","status-publish","has-post-thumbnail","hentry"],"_links":{"self":[{"href":"https:\/\/aikido.krakow.pl\/index.php\/wp-json\/wp\/v2\/pages\/3118","targetHints":{"allow":["GET"]}}],"collection":[{"href":"https:\/\/aikido.krakow.pl\/index.php\/wp-json\/wp\/v2\/pages"}],"about":[{"href":"https:\/\/aikido.krakow.pl\/index.php\/wp-json\/wp\/v2\/types\/page"}],"author":[{"embeddable":true,"href":"https:\/\/aikido.krakow.pl\/index.php\/wp-json\/wp\/v2\/users\/1"}],"replies":[{"embeddable":true,"href":"https:\/\/aikido.krakow.pl\/index.php\/wp-json\/wp\/v2\/comments?post=3118"}],"version-history":[{"count":16,"href":"https:\/\/aikido.krakow.pl\/index.php\/wp-json\/wp\/v2\/pages\/3118\/revisions"}],"predecessor-version":[{"id":3330,"href":"https:\/\/aikido.krakow.pl\/index.php\/wp-json\/wp\/v2\/pages\/3118\/revisions\/3330"}],"wp:featuredmedia":[{"embeddable":true,"href":"https:\/\/aikido.krakow.pl\/index.php\/wp-json\/wp\/v2\/media\/3322"}],"wp:attachment":[{"href":"https:\/\/aikido.krakow.pl\/index.php\/wp-json\/wp\/v2\/media?parent=3118"}],"curies":[{"name":"wp","href":"https:\/\/api.w.org\/{rel}","templated":true}]}}