{"id":2945,"date":"2019-11-22T16:20:13","date_gmt":"2019-11-22T16:20:13","guid":{"rendered":"http:\/\/aikido.krakow.pl\/?page_id=8"},"modified":"2021-03-16T15:31:47","modified_gmt":"2021-03-16T14:31:47","slug":"blog","status":"publish","type":"page","link":"https:\/\/aikido.krakow.pl\/index.php\/blog\/","title":{"rendered":"Aktualno\u015bci"},"content":{"rendered":"<div class=\"fusion-fullwidth fullwidth-box fusion-builder-row-1 fusion-flex-container nonhundred-percent-fullwidth non-hundred-percent-height-scrolling\" style=\"--awb-border-radius-top-left:0px;--awb-border-radius-top-right:0px;--awb-border-radius-bottom-right:0px;--awb-border-radius-bottom-left:0px;--awb-padding-bottom:6%;--awb-flex-wrap:wrap;\" ><div class=\"fusion-builder-row fusion-row fusion-flex-align-items-flex-start fusion-flex-content-wrap\" style=\"max-width:calc( 1325px + 0px );margin-left: calc(-0px \/ 2 );margin-right: calc(-0px \/ 2 );\"><div class=\"fusion-layout-column fusion_builder_column fusion-builder-column-0 fusion_builder_column_1_1 1_1 fusion-flex-column fusion-animated\" style=\"--awb-bg-size:cover;--awb-width-large:100%;--awb-margin-top-large:0px;--awb-spacing-right-large:0px;--awb-margin-bottom-large:0px;--awb-spacing-left-large:0px;--awb-width-medium:100%;--awb-spacing-right-medium:0px;--awb-spacing-left-medium:0px;--awb-width-small:100%;--awb-spacing-right-small:0px;--awb-spacing-left-small:0px;\" data-animationType=\"fadeInUp\" data-animationDuration=\"1.0\" data-animationOffset=\"top-into-view\"><div class=\"fusion-column-wrapper fusion-column-has-shadow fusion-flex-justify-content-flex-start fusion-content-layout-column\"><div class=\"fusion-blog-shortcode fusion-blog-shortcode-1 fusion-blog-archive fusion-blog-layout-large fusion-blog-no\"><div class=\"fusion-posts-container fusion-posts-container-no fusion-blog-rollover\" data-pages=\"43\"><article id=\"blog-1-post-3635\" class=\"fusion-post-large post-3635 post type-post status-publish format-standard hentry category-bez-kategorii\">\n\t<style type=\"text\/css\">\n\t\t\n\t\t\n\t\t\n\t\t\n\t\t\t<\/style>\n\n\n<div class=\"fusion-post-content post-content\"><h2 class=\"blog-shortcode-post-title entry-title\"><a href=\"https:\/\/aikido.krakow.pl\/index.php\/2026\/02\/23\/letnie-zajecia-aikido-bukowno-2026\/\">Letnie zaj\u0119cia Aikido Bukowno 2026<\/a><\/h2><div class=\"fusion-post-content-container\"><p>Letnie zaj\u0119cia Aikido Bukowno 2026 Termin: 18-25.07.2026r. Miejsce: MOSiR Bukowno [...]<\/p><\/div><\/div><div class=\"fusion-clearfix\"><\/div><div class=\"fusion-meta-info\"><div class=\"fusion-alignleft\"><span class=\"vcard\" style=\"display: none;\"><span class=\"fn\"><a href=\"https:\/\/aikido.krakow.pl\/index.php\/author\/sensei\/\" title=\"Wpisy od Dariusz Zi\u0119ba\" rel=\"author\">Dariusz Zi\u0119ba<\/a><\/span><\/span><span class=\"updated\" style=\"display:none;\">2026-03-24T14:43:34+01:00<\/span><span>23 lutego, 2026<\/span><span class=\"fusion-inline-sep\">|<\/span><\/div><\/div><\/article>\n<article id=\"blog-1-post-3627\" class=\"fusion-post-large post-3627 post type-post status-publish format-standard hentry category-bez-kategorii\">\n\t<style type=\"text\/css\">\n\t\t\n\t\t\n\t\t\n\t\t\n\t\t\t<\/style>\n\n\n<div class=\"fusion-post-content post-content\"><h2 class=\"blog-shortcode-post-title entry-title\"><a href=\"https:\/\/aikido.krakow.pl\/index.php\/2025\/12\/15\/okres-swiateczno-noworoczny\/\">Okres \u015bwi\u0105teczno- noworoczny<\/a><\/h2><div class=\"fusion-post-content-container\"><p>Zaj\u0119cia nie odbywaj\u0105 si\u0119: 24, 25, 26, 31 grudnia 2025 [...]<\/p><\/div><\/div><div class=\"fusion-clearfix\"><\/div><div class=\"fusion-meta-info\"><div class=\"fusion-alignleft\"><span class=\"vcard\" style=\"display: none;\"><span class=\"fn\"><a href=\"https:\/\/aikido.krakow.pl\/index.php\/author\/sensei\/\" title=\"Wpisy od Dariusz Zi\u0119ba\" rel=\"author\">Dariusz Zi\u0119ba<\/a><\/span><\/span><span class=\"updated\" style=\"display:none;\">2025-12-15T15:19:19+01:00<\/span><span>15 grudnia, 2025<\/span><span class=\"fusion-inline-sep\">|<\/span><\/div><\/div><\/article>\n<\/div><\/div><div class=\"fusion-blog-shortcode fusion-blog-shortcode-2 fusion-blog-archive fusion-blog-layout-large fusion-blog-pagination\"><div class=\"fusion-posts-container fusion-posts-container-pagination fusion-blog-rollover\" data-pages=\"28\"><article id=\"blog-2-post-3615\" class=\"fusion-post-large post-3615 post type-post status-publish format-standard hentry category-bez-kategorii\">\n\t<style type=\"text\/css\">\n\t\t\n\t\t\n\t\t\n\t\t\n\t\t\t<\/style>\n\n\n<div class=\"fusion-post-content post-content\"><h2 class=\"blog-shortcode-post-title entry-title\"><a href=\"https:\/\/aikido.krakow.pl\/index.php\/2025\/09\/16\/sobotnie-seminaria-aikido-w-roku-szkolnym-2025-26\/\">Sobotnie seminaria Aikido w roku szkolnym 2025\/26<\/a><\/h2><div class=\"fusion-post-content-container\"><p>Sobotnie seminaria Aikido w roku szkolnym 2025\/26 Planowane terminy: 1. [...]<\/p><\/div><\/div><div class=\"fusion-clearfix\"><\/div><div class=\"fusion-meta-info\"><div class=\"fusion-alignleft\"><span class=\"vcard\" style=\"display: none;\"><span class=\"fn\"><a href=\"https:\/\/aikido.krakow.pl\/index.php\/author\/sensei\/\" title=\"Wpisy od Dariusz Zi\u0119ba\" rel=\"author\">Dariusz Zi\u0119ba<\/a><\/span><\/span><span class=\"updated\" style=\"display:none;\">2025-11-18T12:31:05+01:00<\/span><span>16 wrze\u015bnia, 2025<\/span><span class=\"fusion-inline-sep\">|<\/span><\/div><\/div><\/article>\n<article id=\"blog-2-post-3587\" class=\"fusion-post-large post-3587 post type-post status-publish format-standard hentry category-bez-kategorii\">\n\t<style type=\"text\/css\">\n\t\t\n\t\t\n\t\t\n\t\t\n\t\t\t<\/style>\n\n\n<div class=\"fusion-post-content post-content\"><h2 class=\"blog-shortcode-post-title entry-title\"><a href=\"https:\/\/aikido.krakow.pl\/index.php\/2025\/06\/16\/aikido-w-wakacje-2025\/\">Aikido w wakacje 2025<\/a><\/h2><div class=\"fusion-post-content-container\"><p>Treningi w wakacje 2025 Lipiec: 01-18 ( przerwa 19-26 ze [...]<\/p><\/div><\/div><div class=\"fusion-clearfix\"><\/div><div class=\"fusion-meta-info\"><div class=\"fusion-alignleft\"><span class=\"vcard\" style=\"display: none;\"><span class=\"fn\"><a href=\"https:\/\/aikido.krakow.pl\/index.php\/author\/sensei\/\" title=\"Wpisy od Dariusz Zi\u0119ba\" rel=\"author\">Dariusz Zi\u0119ba<\/a><\/span><\/span><span class=\"updated\" style=\"display:none;\">2025-06-16T17:20:20+02:00<\/span><span>16 czerwca, 2025<\/span><span class=\"fusion-inline-sep\">|<\/span><\/div><\/div><\/article>\n<article id=\"blog-2-post-3545\" class=\"fusion-post-large post-3545 post type-post status-publish format-standard hentry category-bez-kategorii\">\n\t<style type=\"text\/css\">\n\t\t\n\t\t\n\t\t\n\t\t\n\t\t\t<\/style>\n\n\n<div class=\"fusion-post-content post-content\"><h2 class=\"blog-shortcode-post-title entry-title\"><a href=\"https:\/\/aikido.krakow.pl\/index.php\/2025\/01\/13\/samochwalka\/\">Samochwa\u0142ka<\/a><\/h2><div class=\"fusion-post-content-container\"><p>Zosta\u0142a opublikowana przez Hombu Dojo w Tokyo lista os\u00f3b promowanych [...]<\/p><\/div><\/div><div class=\"fusion-clearfix\"><\/div><div class=\"fusion-meta-info\"><div class=\"fusion-alignleft\"><span class=\"vcard\" style=\"display: none;\"><span class=\"fn\"><a href=\"https:\/\/aikido.krakow.pl\/index.php\/author\/sensei\/\" title=\"Wpisy od Dariusz Zi\u0119ba\" rel=\"author\">Dariusz Zi\u0119ba<\/a><\/span><\/span><span class=\"updated\" style=\"display:none;\">2025-01-13T15:46:15+01:00<\/span><span>13 stycznia, 2025<\/span><span class=\"fusion-inline-sep\">|<\/span><\/div><\/div><\/article>\n<\/div><div class=\"pagination clearfix\"><span class=\"current\">1<\/span><a href=\"https:\/\/aikido.krakow.pl\/index.php\/wp-json\/wp\/v2\/pages\/2945\/page\/2\/\" class=\"inactive\">2<\/a><a class=\"pagination-next\" rel=\"next\" href=\"https:\/\/aikido.krakow.pl\/index.php\/wp-json\/wp\/v2\/pages\/2945\/page\/2\/\"><span class=\"page-text\">Kolejny<\/span><span class=\"page-next\"><\/span><\/a><\/div><div class=\"fusion-clearfix\"><\/div><\/div><\/div><\/div><\/div><\/div>\n","protected":false},"excerpt":{"rendered":"","protected":false},"author":1,"featured_media":3072,"parent":0,"menu_order":0,"comment_status":"closed","ping_status":"closed","template":"100-width.php","meta":{"footnotes":""},"class_list":["post-2945","page","type-page","status-publish","has-post-thumbnail","hentry"],"_links":{"self":[{"href":"https:\/\/aikido.krakow.pl\/index.php\/wp-json\/wp\/v2\/pages\/2945","targetHints":{"allow":["GET"]}}],"collection":[{"href":"https:\/\/aikido.krakow.pl\/index.php\/wp-json\/wp\/v2\/pages"}],"about":[{"href":"https:\/\/aikido.krakow.pl\/index.php\/wp-json\/wp\/v2\/types\/page"}],"author":[{"embeddable":true,"href":"https:\/\/aikido.krakow.pl\/index.php\/wp-json\/wp\/v2\/users\/1"}],"replies":[{"embeddable":true,"href":"https:\/\/aikido.krakow.pl\/index.php\/wp-json\/wp\/v2\/comments?post=2945"}],"version-history":[{"count":11,"href":"https:\/\/aikido.krakow.pl\/index.php\/wp-json\/wp\/v2\/pages\/2945\/revisions"}],"predecessor-version":[{"id":3232,"href":"https:\/\/aikido.krakow.pl\/index.php\/wp-json\/wp\/v2\/pages\/2945\/revisions\/3232"}],"wp:featuredmedia":[{"embeddable":true,"href":"https:\/\/aikido.krakow.pl\/index.php\/wp-json\/wp\/v2\/media\/3072"}],"wp:attachment":[{"href":"https:\/\/aikido.krakow.pl\/index.php\/wp-json\/wp\/v2\/media?parent=2945"}],"curies":[{"name":"wp","href":"https:\/\/api.w.org\/{rel}","templated":true}]}}